{"id":102,"date":"2023-03-07T20:22:11","date_gmt":"2023-03-07T19:22:11","guid":{"rendered":"https:\/\/ambsanmarino.esteri.it\/?page_id=102"},"modified":"2023-03-24T10:36:13","modified_gmt":"2023-03-24T09:36:13","slug":"diplomazia-economica","status":"publish","type":"page","link":"https:\/\/ambsanmarino.esteri.it\/it\/italia-e-san-marino\/diplomazia-economica\/","title":{"rendered":"Diplomazia economica"},"content":{"rendered":"<p style=\"text-align: justify;\">Nonostante un potenziale economico necessariamente circoscritto per territorio (61 Kmq) e popolazione (33.826 abitanti), San Marino \u00e8 una <strong>realt\u00e0 manifatturiera e produttiva<\/strong> significativa suscettibile di ulteriore sviluppo. Nel 2022 conta oltre 5.000 imprese con pi\u00f9 di 23.500 addetti (3.983 nella Pubblica Amministrazione) e ca. 1.600 lavoratori autonomi [Fonte: Rel.ne economico statistica esercizio finanziario 2022].<\/p>\n<p style=\"text-align: justify;\">Collocata geograficamente come enclave straniera al centro della Penisola, ha\u00a0un\u2019<strong>economia fortemente integrata con l\u2019Italia<\/strong>\u00a0da cui non \u00e8 separata da dogane confinarie. I settori principali dell\u2019economia sono: turismo, servizi, bancario e finanziario ma anche quello manifatturiero, commercio, edilizia, agricoltura, pubblica amministrazione, assicurativo, telecomunicazioni, commercio elettronico. Normalmente il<strong>\u00a0turismo<\/strong>\u00a0e il<strong>\u00a0terziario<\/strong> da esso indotto contribuisce ad oltre la met\u00e0 del PIL, grazie ai due milioni di turisti e visitatori all\u2019anno (2022), con effetti positivi anche sulle correnti turistiche della Riviera Adriatica e dell\u2019entroterra romagnolo e marchigiano.<\/p>\n<p style=\"text-align: justify;\">In un quadro preesistente gi\u00e0 recessivo, la crisi economica mondiale iniziata nel 2008 e quindi la pandemia del 2020 hanno inciso, oltre che sugli introiti legati al turismo, anche sulla produzione industriale sammarinese, con ripercussioni sull\u2019occupazione.<\/p>\n<p style=\"text-align: justify;\">Particolare rilievo economico, sociale e occupazionale riveste la presenza dei numerosi\u00a0<strong>lavoratori italiani frontalieri<\/strong> (7.199 nel 2022, pari a circa il 30,5 % del totale della forza lavoro a San Marino), provenienti soprattutto dalle province limitrofe di Rimini e Pesaro ed occupati in tutti i settori produttivi.<\/p>\n<p>Si segnalano alcuni link utili:<\/p>\n<ul>\n<li>Segreteria di Stato per le Finanze e il Bilancio &#8211; \u00a0<a href=\"http:\/\/www.finanze.sm\/on-line\/home.html\">http:\/\/www.finanze.sm\/on-line\/home.html<\/a><\/li>\n<li style=\"text-align: justify;\">Segreteria di Stato per l\u2019Industria, l\u2019Artigianato e il Commercio, la Ricerca Tecnologica, la Seplificazione Normativa &#8211;<a href=\"https:\/\/www.industria.sm\/\"> https:\/\/www.industria.sm\/<\/a><\/li>\n<li>Ufficio Informatica, Tecnologia, Dati e Statistica &#8211; <a href=\"https:\/\/www.statistica.sm\/\">https:\/\/www.statistica.sm\/<\/a><\/li>\n<li>Agenzia per lo Sviluppo Economico &#8211; Camera di <a href=\"https:\/\/www.statistica.sm\/\">Commercio<\/a> &#8211;\u00a0<a href=\"http:\/\/www.agency.sm\/\">http:\/\/www.agency.sm<\/a><\/li>\n<\/ul>\n","protected":false},"excerpt":{"rendered":"Nonostante un potenziale economico necessariamente circoscritto per territorio (61 Kmq) e popolazione (33.826 abitanti), San Marino \u00e8 una realt\u00e0 manifatturiera e produttiva significativa suscettibile di ulteriore sviluppo. Nel 2022 conta oltre 5.000 imprese con pi\u00f9 di 23.500 addetti (3.983 nella Pubblica Amministrazione) e ca. 1.600 lavoratori autonomi [Fonte: Rel.ne economico statistica esercizio finanziario 2022]. Collocata [&hellip;]","protected":false},"author":2,"featured_media":0,"parent":11,"menu_order":0,"comment_status":"closed","ping_status":"closed","template":"","meta":{"footnotes":""},"class_list":["post-102","page","type-page","status-publish","hentry"],"_links":{"self":[{"href":"https:\/\/ambsanmarino.esteri.it\/it\/wp-json\/wp\/v2\/pages\/102","targetHints":{"allow":["GET"]}}],"collection":[{"href":"https:\/\/ambsanmarino.esteri.it\/it\/wp-json\/wp\/v2\/pages"}],"about":[{"href":"https:\/\/ambsanmarino.esteri.it\/it\/wp-json\/wp\/v2\/types\/page"}],"author":[{"embeddable":true,"href":"https:\/\/ambsanmarino.esteri.it\/it\/wp-json\/wp\/v2\/users\/2"}],"replies":[{"embeddable":true,"href":"https:\/\/ambsanmarino.esteri.it\/it\/wp-json\/wp\/v2\/comments?post=102"}],"version-history":[{"count":0,"href":"https:\/\/ambsanmarino.esteri.it\/it\/wp-json\/wp\/v2\/pages\/102\/revisions"}],"up":[{"embeddable":true,"href":"https:\/\/ambsanmarino.esteri.it\/it\/wp-json\/wp\/v2\/pages\/11"}],"wp:attachment":[{"href":"https:\/\/ambsanmarino.esteri.it\/it\/wp-json\/wp\/v2\/media?parent=102"}],"curies":[{"name":"wp","href":"https:\/\/api.w.org\/{rel}","templated":true}]}}