{"id":188,"date":"2023-03-07T21:05:56","date_gmt":"2023-03-07T20:05:56","guid":{"rendered":"https:\/\/ambsanmarino.esteri.it\/?page_id=188"},"modified":"2025-12-30T16:48:01","modified_gmt":"2025-12-30T15:48:01","slug":"anagrafe-degli-italiani-residenti-a1-anagrafe-degli-italiani-residenti-allestero-airellestero-aire","status":"publish","type":"page","link":"https:\/\/ambsanmarino.esteri.it\/it\/servizi-consolari-e-visti\/servizi-per-il-cittadino-italiano\/anagrafe-degli-italiani-residenti-a1-anagrafe-degli-italiani-residenti-allestero-airellestero-aire\/","title":{"rendered":"1. Anagrafe degli Italiani residenti all\u2019estero (AIRE)"},"content":{"rendered":"<div id=\"accordionFlushExample\" class=\"accordion accordion-flush\">\n<div class=\"accordion-item\">\n<h2 id=\"flush-headingOne\" class=\"accordion-header\"><button class=\"accordion-button collapsed\" type=\"button\" data-bs-toggle=\"collapse\" data-bs-target=\"#flush-collapseOne\" aria-expanded=\"false\" aria-controls=\"flush-collapseOne\"><br \/>\nCos&#8217;\u00e8 l&#8217;A.I.R.E. e a cosa serve?<br \/>\n<\/button><\/h2>\n<div id=\"flush-collapseOne\" class=\"accordion-collapse collapse\" aria-labelledby=\"flush-headingOne\" data-bs-parent=\"#accordionFlushExample\">\n<div>\n<p style=\"text-align: justify;\">L\u2019iscrizione all\u2019Anagrafe degli Italiani Residenti all\u2019Estero (AIRE) \u00e8 un adempimento <strong>OBBLIGATORIO<\/strong> dei cittadini italiani che risiedono, o intendono risiedere, all\u2019estero per un periodo superiore ai 12 mesi. <strong>L\u2019iscrizione all\u2019A.I.R.E. \u00e8 necessaria per ottenere tutti i documenti e i certificati che sono rilasciati dall\u2019Ufficio consolare<\/strong>. Anche per poter richiedere il rilascio del passaporto occorre aver adempiuto al predetto obbligo.<\/p>\n<p>\u00c8 un adempimento amministrativo <span style=\"text-decoration: underline;\"><strong>GRATUITO<\/strong><\/span> che permette di:<\/p>\n<ul>\n<li>votare all\u2019estero per le consultazioni elettorali a livello nazionale (non regionale) e referendarie;<\/li>\n<li>ottenere il rilascio o rinnovo di documenti di identit\u00e0 e di viaggio, nonch\u00e9 di certificazioni;<\/li>\n<li>comunicare gli aggiornamenti di indirizzo di residenza estera;<\/li>\n<li style=\"text-align: justify;\">comunicare le modiche di stato civile avvenute all\u2019estero (nascita, matrimonio, divorzio, cambio nome e cognome e decesso).<\/li>\n<\/ul>\n<\/div>\n<\/div>\n<\/div>\n<div class=\"accordion-item\">\n<h2 id=\"flush-headingTwo\" class=\"accordion-header\"><button class=\"accordion-button collapsed\" type=\"button\" data-bs-toggle=\"collapse\" data-bs-target=\"#flush-collapseTwo\" aria-expanded=\"false\" aria-controls=\"flush-collapseTwo\"><br \/>\nChi deve iscriversi all&#8217;A.I.R.E. e chi no?<br \/>\n<\/button><\/h2>\n<div id=\"flush-collapseTwo\" class=\"accordion-collapse collapse\" aria-labelledby=\"flush-headingTwo\" data-bs-parent=\"#accordionFlushExample\">\n<div>\n<p style=\"text-align: justify;\">La <strong>legge n.470<\/strong> del 1988 stabilisce che tutti i cittadini italiani che trasferiscono all\u2019estero la loro residenza devono, <strong>entro 90 giorni dalla data di arrivo nel Paese di destinazione<\/strong>, fare apposita dichiarazione presso il competente Ufficio consolare. Si ricorda che per la predetta legge, non vi \u00e8 differenza tra l&#8217;ottenimento della residenza e il permesso di soggiorno. Anche chi \u00e8 emigrato prima dell\u2019entrata in vigore di questa legge deve iscriversi.<\/p>\n<p>La legge <span style=\"text-decoration: underline;\">NON<\/span> prevede l\u2019obbligo di iscrizione AIRE per i cittadini italiani che si trasferiscono all\u2019estero per:<\/p>\n<ul>\n<li>un periodo di tempo inferiore ad un anno;<\/li>\n<li>l\u2019esercizio di lavori stagionali;<\/li>\n<li>missioni di ruolo dei dipendenti dello Stato in servizio diplomatico e consolare all\u2019estero, inclusi i loro familiari conviventi e a carico;<\/li>\n<li>missioni militari in servizio presso gli uffici e le strutture della NATO dislocate all\u2019estero, inclusi i loro familiari conviventi e a carico.<\/li>\n<\/ul>\n<\/div>\n<\/div>\n<\/div>\n<div class=\"accordion-item\">\n<h2 id=\"flush-headingThree\" class=\"accordion-header\"><button class=\"accordion-button collapsed\" type=\"button\" data-bs-toggle=\"collapse\" data-bs-target=\"#flush-collapseThree\" aria-expanded=\"false\" aria-controls=\"flush-collapseThree\"><br \/>\nModalit\u00e0 di iscrizione A.I.R.E. per i maggiorenni<br \/>\n<\/button><\/h2>\n<div id=\"flush-collapseThree\" class=\"accordion-collapse collapse\" aria-labelledby=\"flush-headingThree\" data-bs-parent=\"#accordionFlushExample\">\n<div>\n<p style=\"text-align: justify;\">\u00c8\u00a0possibile iscriversi all\u2019AIRE tramite il portale <a href=\"https:\/\/serviziconsolarionline.esteri.it\/ScoFE\/index.sco\">FAST-IT<\/a> dedicato ai servizi consolari per i cittadini italiani residenti all\u2019estero.<\/p>\n<p style=\"text-align: justify;\">In alternativa, \u00e8 possibile trasmettere alla casella mail <a href=\"mailto:consolare.sanmarino@esteri.it\">consolare.sanmarino@esteri.it<\/a> la seguente documentazione debitamente compilata e sottoscritta:<\/p>\n<ul>\n<li><a href=\"https:\/\/ambsanmarino.esteri.it\/wp-content\/uploads\/2024\/02\/Iscrizione-aire-maggiorenne.pdf\">Modulo di iscrizione Aire;<\/a><\/li>\n<li><a href=\"https:\/\/ambsanmarino.esteri.it\/wp-content\/uploads\/2023\/04\/Informativa_TDP_per_servizi_consolari_ex_visti_e_cittadinanza__all.3__Rev._feb.2023.pdf\">Dichiarazione per presa visione informativa trattamento dati personali;<\/a><\/li>\n<li>Documento di identit\u00e0 italiano, in corso di validit\u00e0;<\/li>\n<li>Nel caso di <strong><span style=\"text-decoration: underline;\">residenza<\/span><\/strong>, comunicazione inviata dall\u2019Ufficio di Stato Civile della Repubblica di San Marino. Nel caso di <strong><span style=\"text-decoration: underline;\">permesso di soggiorno<\/span><\/strong>, fotocopia del relativo tesserino.<\/li>\n<\/ul>\n<p style=\"text-align: justify;\"><strong>Attenzione<\/strong>: il solo fatto di avere residenza o permesso di soggiorno nella Repubblica di San Marino non comporta l\u2019automatica iscrizione all\u2019AIRE, per la quale i diretti interessati sono tenuti a provvedere agli adempimenti sopra indicati.<\/p>\n<p><strong>NOTA BENE<\/strong><\/p>\n<ul>\n<li>Non saranno prese in considerazione le domande pervenute incomplete;<\/li>\n<li>Tutti i documenti dovranno pervenire in<span style=\"text-decoration: underline;\"> un unico file formato PDF<\/span>;<\/li>\n<li>Si raccomanda di <span style=\"text-decoration: underline;\">non<\/span> allegare <span style=\"text-decoration: underline;\">documenti superiori ai 5 MB<\/span>.<\/li>\n<\/ul>\n<\/div>\n<\/div>\n<\/div>\n<div class=\"accordion-item\">\n<h2 id=\"flush-headingFour\" class=\"accordion-header\"><button class=\"accordion-button collapsed\" type=\"button\" data-bs-toggle=\"collapse\" data-bs-target=\"#flush-collapseFour\" aria-expanded=\"false\" aria-controls=\"flush-collapseFour\"><br \/>\nCome ci si iscrive utilizzando Fast It?<br \/>\n<\/button><\/h2>\n<div id=\"flush-collapseFour\" class=\"accordion-collapse collapse\" aria-labelledby=\"flush-headingFour\" data-bs-parent=\"#accordionFlushExample\">\n<div>\n<ol>\n<li>Accedere al portale <a href=\"https:\/\/serviziconsolari.esteri.it\/ScoFE\/index.sco\">Fast It<\/a> e cliccare sul tasto \u201c<strong>Registrazione<\/strong>\u201d per creare una propria utenza;<\/li>\n<li>Inserire i dati richiesti in fase di registrazione;<\/li>\n<li style=\"text-align: justify;\">Una volta terminata la registrazione, cliccare sul link ricevuto all\u2019indirizzo e-mail fornito per attivare la nuova utenza Fast It;<\/li>\n<li>Accedere nuovamente al portale Fast It usando le credenziali dell\u2019utenza appena creata;<\/li>\n<li>Cliccare in alto sul tasto \u201c<strong>Anagrafe Consolare e Aire<\/strong>\u201d e poi sul riquadro \u201c<strong>Richiedere l\u2019iscrizione all\u2019Anagrafe degli Italiani Residenti all\u2019Estero<\/strong>\u201d;<\/li>\n<li style=\"text-align: justify;\">Concludere tutti i passaggi della procedura ed inviare la domanda completa della documentazione richiesta;<\/li>\n<li style=\"text-align: justify;\">Visualizzare il messaggio automatico di conferma della \u201c<strong>Richiesta inviata con successo<\/strong>\u201d e di \u201c<strong>stato attuale della richiesta \u00e8: Presentata<\/strong>\u201d, e riportante un numero identificativo della pratica.<\/li>\n<\/ol>\n<\/div>\n<\/div>\n<\/div>\n<div class=\"accordion-item\">\n<h2 id=\"flush-headingFive\" class=\"accordion-header\"><button class=\"accordion-button collapsed\" type=\"button\" data-bs-toggle=\"collapse\" data-bs-target=\"#flush-collapseFive\" aria-expanded=\"false\" aria-controls=\"flush-collapseFive\"><br \/>\nIscrizone all&#8217;A.I.R.E. di minori<br \/>\n<\/button><\/h2>\n<div id=\"flush-collapseFive\" class=\"accordion-collapse collapse\" aria-labelledby=\"flush-headingFive\" data-bs-parent=\"#accordionFlushExample\">\n<div>\n<p style=\"text-align: justify;\">Per l\u2019iscrizione all\u2019AIRE di minore, \u00e8 necessario trasmettere alla casella mail <a href=\"mailto:consolare.sanmarino@esteri.it\">consolare.sanmarino@esteri.it<\/a> la seguente documentazione debitamente compilata e sottoscritta:<\/p>\n<p>Iscrizione per <strong>NASCITA<\/strong>:<\/p>\n<ul>\n<li><a href=\"https:\/\/ambsanmarino.esteri.it\/wp-content\/uploads\/2024\/02\/Iscrizione-aire-minore.pdf\">Modulo iscrizione Aire di minore;<\/a><\/li>\n<li><a href=\"https:\/\/ambsanmarino.esteri.it\/wp-content\/uploads\/2023\/04\/Informativa_TDP_per_servizi_consolari_ex_visti_e_cittadinanza__all.3__Rev._feb.2023.pdf\">Dichiarazione per presa visione informativa dei dati personali;<\/a><\/li>\n<li>Copia dei documenti di identit\u00e0 dei genitori, in corso di validit\u00e0;<\/li>\n<li>Copia certificato di nascita del minore con paternit\u00e0 e maternit\u00e0.<\/li>\n<\/ul>\n<p>Iscrizione per <strong>TRASFERIMENTO<\/strong>:<\/p>\n<ul>\n<li><a href=\"https:\/\/ambsanmarino.esteri.it\/wp-content\/uploads\/2024\/02\/Iscrizione-aire-minore.pdf\">Modulo iscrizione Aire di minore;<\/a><\/li>\n<li><a href=\"https:\/\/ambsanmarino.esteri.it\/wp-content\/uploads\/2023\/04\/Informativa_TDP_per_servizi_consolari_ex_visti_e_cittadinanza__all.3__Rev._feb.2023.pdf\">Dichiarazione per presa visione informativa dei dati personali;<\/a><\/li>\n<li>Copia dei documenti di identit\u00e0 dei genitori, in corso di validit\u00e0;<\/li>\n<li>Nel caso di <strong><span style=\"text-decoration: underline;\">residenza<\/span><\/strong>, comunicazione inviata dall&#8217;Ufficio di Stato Civile della Repubblica di San Marino. Nel caso di <strong><span style=\"text-decoration: underline;\">permesso di soggiorno<\/span><\/strong>, fotocopia del relativo tesserino.<\/li>\n<\/ul>\n<p><strong>NOTA BENE<\/strong><\/p>\n<ul>\n<li>Non saranno prese in considerazione le domande pervenute incomplete;<\/li>\n<li>Tutti i documenti dovranno pervenire in <span style=\"text-decoration: underline;\">un unico file formato PDF<\/span>;<\/li>\n<li>Si raccomanda di <span style=\"text-decoration: underline;\">non<\/span> allegare <span style=\"text-decoration: underline;\">documenti superiori ai 5 MB<\/span>.<\/li>\n<\/ul>\n<\/div>\n<div>A seguito della conversione in Legge del DL n.36\/2025, la cittadinanza italiana <b>non si trasmette pi\u00f9 automaticamente<\/b> ai minori nati all\u2019estero, ma si trasmette soltanto se ricorre una delle condizioni di seguito elencate.<\/div>\n<div>Il minore\u00a0<b><u>nato all\u2019estero<\/u><\/b><b> da genitore\/i italiano\/i \u00e8 cittadino italiano se:<\/b><\/div>\n<div><b>\u00a0<\/b><\/div>\n<div><b>CASO 1<\/b><\/div>\n<ul>\n<li><b>non \u00e8 in possesso di altra cittadinanza, \u00e8 cio\u00e8 <\/b><b><u>esclusivamente cittadino italiano<\/u><\/b>.<\/li>\n<\/ul>\n<div>In questo caso, insieme all\u2019atto di nascita in originale, i genitori dovranno presentare idonea <u>documentazione che dimostri che il minore non abbia altra cittadinanza straniera di cui per esempio uno od entrambi i genitori siano titolari <\/u>(per esempio padre sammarinese e madre italiana \u2013 e viceversa).<\/div>\n<div><u>Non sar\u00e0 ritenuta valida alcuna autocertificazione sul mancato possesso di altra cittadinanza<\/u>.<\/div>\n<div><\/div>\n<div><b>CASO 2<\/b><\/div>\n<ul>\n<li><b>un genitore (anche adottivo) o un nonno\/nonna possiede al momento della nascita del minore \u2013 o possedeva al momento della sua morte \u2013 esclusivamente la cittadinanza italiana<\/b>.<\/li>\n<\/ul>\n<div>Anche in questo caso, oltre all\u2019atto di nascita in originale, dovr\u00e0 essere allegata idonea <u>documentazione <\/u><u>che dimostri che almeno un genitore (anche adottivo) o un nonno o una nonna possiede al momento della nascita del minore \u2013 o possedeva al momento della morte \u2013 esclusivamente la cittadinanza italiana.<\/u> Non sar\u00e0 ammessa, nemmeno in questo caso, alcuna autocertificazione sul mancato possesso di altra cittadinanza.<\/div>\n<div><b>Si ribadisce che le modifiche normative in materia di cittadinanza escludono la trasmissione della cittadinanza italiana, se il minore nato all\u2019estero da genitore italiano non rientra in una delle categorie sopra esposte.<\/b><\/div>\n<div><b>\u00a0<\/b><\/div>\n<div><b>CASO 3<\/b><\/div>\n<ul>\n<li><b>il genitore cittadino italiano \u00e8 stato residente in Italia per almeno 2 anni continuativi <\/b><b>prima della nascita del figlio\/a<\/b>.<\/li>\n<\/ul>\n<div>Il genitore cittadino italiano che ha acquistato la cittadinanza per matrimonio o per residenza deve dimostrare di aver risieduto in Italia per almeno 2 anni continuativi <u>successivamente all\u2019acquisto della cittadinanza italiana e prima della nascita del figlio\/a<\/u>. Non rileva la residenza in Italia del cittadino italiano prima dell\u2019acquisto della cittadinanza italiana, n\u00e9 la residenza in Italia del genitore straniero. Anche il genitore, cittadino italiano <i>iure sanguinis<\/i> per nascita, se residente in Italia per almeno 2 anni continuativamente pu\u00f2 avvalersi di questa eccezione.<\/div>\n<div><u>In questo caso\u00a0si dovr\u00e0 produrre\u00a0il <\/u><b><u>certificato di residenza storico<\/u><\/b><u> <\/u>del genitore cittadino italiano da richiedere al Comune\/i italiano\/i dove si \u00e8 risieduto per almeno 2 anni continuativi dopo l\u2019acquisto della cittadinanza italiana o dalla data di nascita per cittadini <i>iure sanguinis<\/i>.<\/div>\n<div>Si raccomanda di inviare la richiesta di iscrizione in AIRE del minore <b>esclusivamente se in possesso della documentazione richiesta<\/b> necessaria alla verifica della trasmissibilit\u00e0 della cittadinanza italiana.<\/div>\n<\/div>\n<\/div>\n<div class=\"accordion-item\">\n<h2 id=\"flush-headingSix\" class=\"accordion-header\"><button class=\"accordion-button collapsed\" type=\"button\" data-bs-toggle=\"collapse\" data-bs-target=\"#flush-collapseSix\" aria-expanded=\"false\" aria-controls=\"flush-collapseSix\"><br \/>\nCosa fare in caso di variazione dei dati di iscrizione?<br \/>\n<\/button><\/h2>\n<div id=\"flush-collapseSix\" class=\"accordion-collapse collapse\" aria-labelledby=\"flush-headingSix\" data-bs-parent=\"#accordionFlushExample\">\n<div>\n<p>I cittadini italiani residenti al di fuori dell\u2019Italia sono tenuti ad informare il Consolato italiano del luogo di residenza su ogni variazione intervenuta riguardo a:<\/p>\n<ul>\n<li>indirizzo all\u2019estero;<\/li>\n<li>cittadinanza;<\/li>\n<li>stato civile;<\/li>\n<li>composizione del nucleo familiare;<\/li>\n<li>cambio di nome.<\/li>\n<\/ul>\n<p>\u00c8 possibile effettuare le succitate variazioni trasmettendo alla casella mail <a href=\"mailto:consolare.sanmarino@esteri.it\">consolare.sanmarino@esteri.it<\/a>\u00a0 la pertinente documentazione.<\/p>\n<p>Ad esempio in caso di variazione di indirizzo:<\/p>\n<ul>\n<li>Comunicazione del nuovo indirizzo unitamente all\u2019indicazione dei famigliari conviventi;<\/li>\n<li>Documento di identit\u00e0 in corso di validit\u00e0, che riporti l&#8217;indirizzo aggiornato.<\/li>\n<\/ul>\n<p>In alternativa tramite il portale <a href=\"https:\/\/serviziconsolarionline.esteri.it\/ScoFE\/index.sco\">FAST-IT<\/a> dedicato ai servizi consolari per i cittadini italiani residenti all\u2019estero.<\/p>\n<p><strong>NOTA BENE<\/strong><\/p>\n<ul>\n<li>Non saranno prese in considerazione le domande pervenute incomplete.<\/li>\n<li>Tutti i documenti dovranno pervenire in <span style=\"text-decoration: underline;\">un unico file formato PDF<\/span>.<\/li>\n<\/ul>\n<\/div>\n<\/div>\n<div class=\"accordion-item\">\n<h2 id=\"flush-headingSeven\" class=\"accordion-header\"><button class=\"accordion-button collapsed\" type=\"button\" data-bs-toggle=\"collapse\" data-bs-target=\"#flush-collapseSeven\" aria-expanded=\"false\" aria-controls=\"flush-collapseSeven\"><br \/>\nCosa fare in caso di variazione di stato civile?<br \/>\n<\/button><\/h2>\n<div id=\"flush-collapseSeven\" class=\"accordion-collapse collapse\" aria-labelledby=\"flush-headingSeven\" data-bs-parent=\"#accordionFlushExample\">\n<div>\n<p style=\"text-align: justify;\">In caso di <strong>matrimonio<\/strong> avvenuto nella Repubblica di San Marino, l&#8217;interessato dovr\u00e0 recarsi presso l&#8217;Ufficio di Stato Civile di San Marino, affinch\u00e9 la variazione di stato civile venga registrata in Italia.<\/p>\n<\/div>\n<p style=\"text-align: justify;\">In caso di <strong>divorzio<\/strong> avvenuto nella Repubblica di San Marino, l&#8217;interessato potr\u00e0 contattare il proprio Comune oppure inviare all&#8217;indirizzo e-mail <a href=\"mailto:consolare.sanmarino@esteri.it\">consolare.sanmarino@esteri.it<\/a> la seguente documentazione:<\/p>\n<ul>\n<li><a href=\"https:\/\/ambsanmarino.esteri.it\/wp-content\/uploads\/2024\/10\/Richiesta-trasmissione-sentenza-da-compilare.pdf\">Modulo di richiesta di trasmissione della sentenza di divorzio<\/a>;<\/li>\n<li>Sentenza di divorzio <span style=\"text-decoration: underline;\">passata in giudicato e apostillata<\/span>;<\/li>\n<li>Documento di riconoscimento, preferibilmente italiano, in corso di validit\u00e0.<\/li>\n<\/ul>\n<\/div>\n<\/div>\n<div class=\"accordion-item\">\n<h2 id=\"flush-headingEight\" class=\"accordion-header\"><button class=\"accordion-button collapsed\" type=\"button\" data-bs-toggle=\"collapse\" data-bs-target=\"#flush-collapseEight\" aria-expanded=\"false\" aria-controls=\"flush-collapseEight\"><br \/>\nCosa comporta la mancata iscrizione all&#8217;A.I.R.E.?<br \/>\n<\/button><\/h2>\n<div id=\"flush-collapseEight\" class=\"accordion-collapse collapse\" aria-labelledby=\"flush-headingEight\" data-bs-parent=\"#accordionFlushExample\">\n<div>\n<p style=\"text-align: justify;\">La legge n.213 del 30 dicembre 2023, in vigore dal 1\u00b0 gennaio 2024, introduce un nuovo <strong><span style=\"text-decoration: underline;\">regime sanzionatorio<\/span><\/strong> per i cittadini residenti all&#8217;estero che non sono iscritti all&#8217;AIRE, prevedendo una sanzione amministrativa pecuniaria da 200 euro a 1.000 euro per ciascun anno di mancata iscrizione, fino a un massimo di 5 anni.<\/p>\n<\/div>\n<div><\/div>\n<div style=\"text-align: justify;\"><span style=\"text-decoration: underline;\">Le sanzioni amministrative non possono essere retroattive<\/span>. Pertanto non si potr\u00e0 essere sanzionati per il periodo precedente al 1\u00b0 gennaio 2024.<\/div>\n<div><\/div>\n<div>\n<p style=\"text-align: justify;\">Ogni adempimento relativo all&#8217;accertamento della violazione in materia di iscrizione anagrafica e all&#8217;irrogazione della sanzione resta di <span style=\"text-decoration: underline;\">competenza esclusiva dei Comuni<\/span>.<\/p>\n<\/div>\n<\/div>\n<div class=\"accordion-item\">\n<h2 id=\"flush-headingNine\" class=\"accordion-header\"><button class=\"accordion-button collapsed\" type=\"button\" data-bs-toggle=\"collapse\" data-bs-target=\"#flush-collapseNine\" aria-expanded=\"false\" aria-controls=\"flush-collapseNine\"><br \/>\nCosa fare in caso di rimpatrio?<br \/>\n<\/button><\/h2>\n<div id=\"flush-collapseNine\" class=\"accordion-collapse collapse\" aria-labelledby=\"flush-headingNine\" data-bs-parent=\"#accordionFlushExample\">\n<div>\n<p style=\"text-align: justify;\">I cittadini iscritti\u00a0all\u2019A.I.R.E. che rientrano definitivamente in Italia dovranno<strong> presentarsi presso il Comune<\/strong> dove hanno deciso di stabilirsi per dichiarare il nuovo indirizzo di residenza.<\/p>\n<p style=\"text-align: justify;\">Al Comune compete l&#8217;iscrizione in A.P.R. &#8211; Anagrafe Popolazione Residente &#8211; e la contestuale cancellazione dall&#8217;A.I.R.E. con relativa comunicazione di rimpatrio al Consolato di provenienza.<\/p>\n<\/div>\n<\/div>\n<div class=\"accordion-item\">\n<h2 id=\"flush-headingTen\" class=\"accordion-header\"><button class=\"accordion-button collapsed\" type=\"button\" data-bs-toggle=\"collapse\" data-bs-target=\"#flush-collapseTen\" aria-expanded=\"false\" aria-controls=\"flush-collapseTen\"><br \/>\nCosto<br \/>\n<\/button><\/h2>\n<div id=\"flush-collapseTen\" class=\"accordion-collapse collapse\" aria-labelledby=\"flush-headingTen\" data-bs-parent=\"#accordionFlushExample\">\n<div>\n<p style=\"text-align: justify;\">La richiesta di iscrizione all&#8217;A.I.R.E. \u00e8 un adempimento amministrativo <span style=\"text-decoration: underline;\"><strong>GRATUITO<\/strong><\/span>, cos\u00ec come lo sono i relativi aggiornamenti e\/o variazioni.<\/p>\n<\/div>\n<\/div>\n<div class=\"accordion-item\">\n<h2 id=\"flush-headingEleven\" class=\"accordion-header\"><button class=\"accordion-button collapsed\" type=\"button\" data-bs-toggle=\"collapse\" data-bs-target=\"#flush-collapseEleven\" aria-expanded=\"false\" aria-controls=\"flush-collapseEleven\"><br \/>\nTempi di lavorazione<br \/>\n<\/button><\/h2>\n<div id=\"flush-collapseEleven\" class=\"accordion-collapse collapse\" aria-labelledby=\"flush-headingEleven\" data-bs-parent=\"#accordionFlushExample\">\n<div>\n<p style=\"text-align: justify;\">Si informa che la pratica d&#8217;iscrizione all&#8217;A.I.R.E. viene finalizzata nel Comune italiano di riferimento. Il procedimento pu\u00f2 richiedere fino a 180 giorni.<\/p>\n<\/div>\n<\/div>\n<\/div>\n<div class=\"accordion-item\">\n<h2 id=\"flush-headingTwelve\" class=\"accordion-header\"><button class=\"accordion-button collapsed\" type=\"button\" data-bs-toggle=\"collapse\" data-bs-target=\"#flush-collapseTwelve\" aria-expanded=\"false\" aria-controls=\"flush-collapseTwelve\"><br \/>\nCome si fa a sapere se si \u00e8 iscritti all&#8217;A.I.R.E.?<br \/>\n<\/button><\/h2>\n<div id=\"flush-collapseTwelve\" class=\"accordion-collapse collapse\" aria-labelledby=\"flush-headingTwelve\" data-bs-parent=\"#accordionFlushExample\">\n<p style=\"text-align: justify;\">Si pu\u00f2 richiedere a questa Ambasciata inviando una mail di richiesta all&#8217;indirizzo <a href=\"mailto:consolare.sanmarino@esteri.it\">consolare.sanmarino@esteri.it<\/a>, allegando un documento di riconoscimento.<\/p>\n<p>In alternativa, \u00e8 possibile contattare il proprio Comune di riferimento.<\/p>\n<\/div>\n<\/div>\n<\/div>\n<\/div>\n<\/div>\n<\/div>\n<\/div>\n","protected":false},"excerpt":{"rendered":"Cos&#8217;\u00e8 l&#8217;A.I.R.E. e a cosa serve? L\u2019iscrizione all\u2019Anagrafe degli Italiani Residenti all\u2019Estero (AIRE) \u00e8 un adempimento OBBLIGATORIO dei cittadini italiani che risiedono, o intendono risiedere, all\u2019estero per un periodo superiore ai 12 mesi. L\u2019iscrizione all\u2019A.I.R.E. \u00e8 necessaria per ottenere tutti i documenti e i certificati che sono rilasciati dall\u2019Ufficio consolare. Anche per poter richiedere il [&hellip;]","protected":false},"author":2,"featured_media":0,"parent":106,"menu_order":0,"comment_status":"closed","ping_status":"closed","template":"","meta":{"footnotes":""},"class_list":["post-188","page","type-page","status-publish","hentry"],"_links":{"self":[{"href":"https:\/\/ambsanmarino.esteri.it\/it\/wp-json\/wp\/v2\/pages\/188","targetHints":{"allow":["GET"]}}],"collection":[{"href":"https:\/\/ambsanmarino.esteri.it\/it\/wp-json\/wp\/v2\/pages"}],"about":[{"href":"https:\/\/ambsanmarino.esteri.it\/it\/wp-json\/wp\/v2\/types\/page"}],"author":[{"embeddable":true,"href":"https:\/\/ambsanmarino.esteri.it\/it\/wp-json\/wp\/v2\/users\/2"}],"replies":[{"embeddable":true,"href":"https:\/\/ambsanmarino.esteri.it\/it\/wp-json\/wp\/v2\/comments?post=188"}],"version-history":[{"count":6,"href":"https:\/\/ambsanmarino.esteri.it\/it\/wp-json\/wp\/v2\/pages\/188\/revisions"}],"predecessor-version":[{"id":2753,"href":"https:\/\/ambsanmarino.esteri.it\/it\/wp-json\/wp\/v2\/pages\/188\/revisions\/2753"}],"up":[{"embeddable":true,"href":"https:\/\/ambsanmarino.esteri.it\/it\/wp-json\/wp\/v2\/pages\/106"}],"wp:attachment":[{"href":"https:\/\/ambsanmarino.esteri.it\/it\/wp-json\/wp\/v2\/media?parent=188"}],"curies":[{"name":"wp","href":"https:\/\/api.w.org\/{rel}","templated":true}]}}