{"id":374,"date":"2023-03-23T14:11:58","date_gmt":"2023-03-23T13:11:58","guid":{"rendered":"https:\/\/ambsanmarino.esteri.it\/?page_id=374"},"modified":"2025-11-25T09:08:25","modified_gmt":"2025-11-25T08:08:25","slug":"3-carte-didentita-elettroniche-cie","status":"publish","type":"page","link":"https:\/\/ambsanmarino.esteri.it\/it\/servizi-consolari-e-visti\/servizi-per-il-cittadino-italiano\/3-carte-didentita-elettroniche-cie\/","title":{"rendered":"3. Carte d&#8217;identit\u00e0 elettroniche (CIE)"},"content":{"rendered":"<div id=\"accordionFlushExample\" class=\"accordion accordion-flush\">\n<div class=\"accordion-item\">\n<h2 id=\"flush-headingOne\" class=\"accordion-header\"><button class=\"accordion-button collapsed\" type=\"button\" data-bs-toggle=\"collapse\" data-bs-target=\"#flush-collapseOne\" aria-expanded=\"false\" aria-controls=\"flush-collapseOne\"><br \/>\nCos&#8217;\u00e8 la Carta d&#8217;Identit\u00e0 Elettronica e a cosa serve?<br \/>\n<\/button><\/h2>\n<div id=\"flush-collapseOne\" class=\"accordion-collapse collapse\" aria-labelledby=\"flush-headingOne\" data-bs-parent=\"#accordionFlushExample\">\n<div>\n<p style=\"text-align: justify;\">La <strong>Carta d\u2019Identit\u00e0 Elettronica (CIE) <\/strong>\u00e8 rilasciata dal Ministero dell\u2019Interno e prodotta centralmente presso l&#8217;Istituto Poligrafico e Zecca dello Stato.<\/p>\n<p>La CIE \u00e8 un documento multifunzionale:<\/p>\n<ul>\n<li><span style=\"text-decoration: underline;\">attesta<\/span> l\u2019identit\u00e0 del cittadino;<\/li>\n<li>\u00e8 un documento di viaggio (per i Paesi che lo riconoscono);<\/li>\n<li>riporta il codice fiscale;<\/li>\n<li>pu\u00f2 essere utilizzato per richiedere l\u2019identit\u00e0 digitale sul sistema SPID (<a href=\"https:\/\/ambsanmarino.esteri.it\/it\/servizi-consolari-e-visti\/servizi-per-il-cittadino-italiano\/6-spid-sistema-pubblico-di-identita-digitale-non-rilasciato-dallambasciata\/\">Sistema Pubblico di Identit\u00e0 Digitale<\/a>) con cui accedere ai Servizi erogati dalle Amministrazioni pubbliche italiane.<\/li>\n<\/ul>\n<\/div>\n<\/div>\n<\/div>\n<div class=\"accordion-item\">\n<h2 id=\"flush-headingTwo\" class=\"accordion-header\"><button class=\"accordion-button collapsed\" type=\"button\" data-bs-toggle=\"collapse\" data-bs-target=\"#flush-collapseTwo\" aria-expanded=\"false\" aria-controls=\"flush-collapseTwo\"><br \/>\nCome si richiede la CIE?<br \/>\n<\/button><\/h2>\n<div id=\"flush-collapseTwo\" class=\"accordion-collapse collapse\" aria-labelledby=\"flush-headingTwo\" data-bs-parent=\"#accordionFlushExample\">\n<div>\n<p>Per il rilascio della Carta d\u2019Identit\u00e0 Elettronica (CIE) \u00e8 necessario:<\/p>\n<ul>\n<li>Registrarsi sul sito <a href=\"https:\/\/prenotami.esteri.it\/\">Prenot@Mi<\/a> ed eseguire correttamente la prenotazione;<\/li>\n<li style=\"text-align: justify;\"><strong>E&#8217; OBBLIGATORIO <\/strong>inviare una mail all\u2019indirizzo <a href=\"mailto:consolare.sanmarino@esteri.it\">consolare.sanmarino@esteri.it<\/a> (con oggetto \u201cRichiesta Carta d\u2019Identit\u00e0 Elettronica Nome Cognome dell\u2019intestatario\u201d), con cui si comunica l\u2019appuntamento e si trasmette la modulistica <span style=\"text-decoration: underline;\">debitamente compilata e sottoscritta<\/span>.<\/li>\n<\/ul>\n<p>Qualora non fosse possibile presenziare all&#8217;appuntamento, l&#8217;utente <strong>\u00e8 tenuto<\/strong> a cancellarlo direttamente dal portale <a href=\"https:\/\/prenotami.esteri.it\/\">Prenot@Mi<\/a>, cos\u00ec da renderlo disponibile per altri utenti.<\/p>\n<\/div>\n<p style=\"text-align: justify;\"><strong>NOTA BENE: <\/strong>La documentazione dovr\u00e0 essere trasmessa contestualmente alla prenotazione: in caso di mancata trasmissione, l\u2019appuntamento verr\u00e0 annullato.<\/p>\n<\/div>\n<\/div>\n<div class=\"accordion-item\">\n<h2 id=\"flush-headingThree\" class=\"accordion-header\"><button class=\"accordion-button collapsed\" type=\"button\" data-bs-toggle=\"collapse\" data-bs-target=\"#flush-collapseThree\" aria-expanded=\"false\" aria-controls=\"flush-collapseThree\"><br \/>\nModulistica per maggiorenni<br \/>\n<\/button><\/h2>\n<div id=\"flush-collapseThree\" class=\"accordion-collapse collapse\" aria-labelledby=\"flush-headingThree\" data-bs-parent=\"#accordionFlushExample\">\n<div>\n<p>Per le richieste relative ai maggiorenni \u00e8 necessario allegare:<\/p>\n<ol>\n<li>Modulo di richiesta debitamente compilato e sottoscritto: <a href=\"https:\/\/ambsanmarino.esteri.it\/wp-content\/uploads\/2023\/06\/Modulo-CIE-maggiorenne.pdf\">modulo richiesta CIE per maggiorenne<\/a>;<\/li>\n<li>Documento di identit\u00e0 dell\u2019intestatario (passaporto o carta di identit\u00e0, italiani o sammarinesi, in corso di validit\u00e0 e leggibili; <strong>non si accetta la patente di guida sammarinese<\/strong>).<\/li>\n<\/ol>\n<p><strong>NOTA BENE<\/strong><\/p>\n<ul>\n<li style=\"text-align: justify;\">La documentazione dovr\u00e0 essere trasmessa contestualmente alla prenotazione: in caso di mancata trasmissione, l\u2019appuntamento verr\u00e0 annullato.<\/li>\n<li>Non sono previste procedure d\u2019urgenza per il rilascio della CIE;<\/li>\n<li>Non saranno prese in considerazione le domande pervenute incomplete;<\/li>\n<li>Tutti i documenti dovranno pervenire in un <span style=\"text-decoration: underline;\">unico file formato PDF<\/span>;<\/li>\n<li>Si raccomanda di <span style=\"text-decoration: underline;\">non<\/span> allegare <span style=\"text-decoration: underline;\">documenti superiori ai 5MB<\/span>.<\/li>\n<\/ul>\n<p style=\"text-align: justify;\">In assenza di qualsiasi documento d\u2019identit\u00e0 causa furto\/smarrimento, si dovr\u00e0 presentare relativa denuncia.<\/p>\n<\/div>\n<\/div>\n<\/div>\n<div class=\"accordion-item\">\n<h2 id=\"flush-headingFour\" class=\"accordion-header\"><button class=\"accordion-button collapsed\" type=\"button\" data-bs-toggle=\"collapse\" data-bs-target=\"#flush-collapseFour\" aria-expanded=\"false\" aria-controls=\"flush-collapseFour\"><br \/>\nModulistica per minorenni<br \/>\n<\/button><\/h2>\n<div id=\"flush-collapseFour\" class=\"accordion-collapse collapse\" aria-labelledby=\"flush-headingFour\" data-bs-parent=\"#accordionFlushExample\">\n<div>\n<p>Per le richieste relative ai minorenni \u00e8 necessario allegare:<\/p>\n<ol>\n<li style=\"text-align: justify;\">Modulo di richiesta debitamente compilato e sottoscritto: <a href=\"https:\/\/ambsanmarino.esteri.it\/wp-content\/uploads\/2023\/05\/Modulo-CIE-minore.pdf\">modulo di richiesta CIE per minorenne<\/a> (all&#8217;interno del Modulo \u00e8 altres\u00ec presente l&#8217;Atto di assenso);<\/li>\n<li>Documento di identit\u00e0 dell\u2019intestatario (passaporto o carta di identit\u00e0, italiani o sammarinesi, in corso di validit\u00e0 e leggibili);<\/li>\n<li>Documento di identit\u00e0 dei genitori.<\/li>\n<\/ol>\n<p><strong>NOTA BENE<\/strong><\/p>\n<ul>\n<li style=\"text-align: justify;\">La documentazione dovr\u00e0 essere trasmessa contestualmente alla prenotazione: in caso di mancata trasmissione, l\u2019appuntamento verr\u00e0 annullato.<\/li>\n<li>Non sono previste procedure d\u2019urgenza per il rilascio della CIE;<\/li>\n<li>Non saranno prese in considerazione le domande pervenute incomplete;<\/li>\n<li>Tutti i documenti dovranno pervenire in un <span style=\"text-decoration: underline;\">unico file formato PDF<\/span>;<\/li>\n<li>Si raccomanda di non allegare documenti superiori ai 5MB.<\/li>\n<\/ul>\n<p style=\"text-align: justify;\">In assenza di qualsiasi documento d\u2019identit\u00e0 causa furto\/smarrimento, si dovr\u00e0 presentare relativa denuncia.<\/p>\n<p style=\"text-align: justify;\"><strong>NOTA BENE<\/strong>: in tutti i casi in cui \u00e8 richiesto l\u2019assenso di una <strong>persona cittadina non UE<\/strong>, \u00e8 necessario presentarsi all\u2019appuntamento per autenticare la firma.<\/p>\n<p>In caso di <span style=\"text-decoration: underline;\">decesso<\/span> di uno dei genitori, \u00e8 necessario presentare l\u2019atto di morte dello stesso.<\/p>\n<p style=\"text-align: justify;\">In caso di <span style=\"text-decoration: underline;\">difficolt\u00e0 ad ottenere l\u2019assenso dell\u2019altro genitore<\/span>, il Capo della Rappresentanza consolare, nella sua veste di Giudice Tutelare dei minori residenti nella circoscrizione, pu\u00f2 autorizzare il rilascio della CIE al richiedente con apposito Decreto consolare, dopo aver effettuato gli accertamenti di rito.<\/p>\n<\/div>\n<\/div>\n<\/div>\n<div class=\"accordion-item\">\n<h2 id=\"flush-headingFive\" class=\"accordion-header\"><button class=\"accordion-button collapsed\" type=\"button\" data-bs-toggle=\"collapse\" data-bs-target=\"#flush-collapseFive\" aria-expanded=\"false\" aria-controls=\"flush-collapseFive\"><br \/>\nQuale documentazione presentare il giorno dell&#8217;appuntamento?<br \/>\n<\/button><\/h2>\n<div id=\"flush-collapseFive\" class=\"accordion-collapse collapse\" aria-labelledby=\"flush-headingFive\" data-bs-parent=\"#accordionFlushExample\">\n<div>\n<ol>\n<li>Precedente carta di identit\u00e0 italiana per chi ne \u00e8 in possesso (anche se scaduta);<\/li>\n<li>1 fototessera recente (non pi\u00f9 di 6 mesi), in formato cartaceo secondo i criteri ICAO (<a href=\"https:\/\/www.cartaidentita.interno.gov.it\/cittadini\/modalita-di-acquisizione-delle-foto\/\">https:\/\/www.cartaidentita.interno.gov.it\/cittadini\/modalita-di-acquisizione-delle-foto\/<\/a> );<\/li>\n<li>Documento di riconoscimento nazionale ai sensi del D.P.R. 445\/2000, in corso di validit\u00e0.<\/li>\n<\/ol>\n<p style=\"text-align: justify;\">Al momento dell\u2019appuntamento l\u2019interessato consegner\u00e0 la foto e, salvo che per i minori di 12 anni, saranno acquisite le impronte digitali e la firma, che verranno registrate in sicurezza esclusivamente all\u2019interno del microchip presente nella propria CIE.<\/p>\n<p style=\"text-align: justify;\">Si ricorda che<strong> \u00e8 obbligatoria la presenza dell\u2019intestatario<\/strong> della CIE,<strong> sia maggiorenne che minorenne<\/strong>.<\/p>\n<\/div>\n<\/div>\n<\/div>\n<div class=\"accordion-item\">\n<h2 id=\"flush-headingSix\" class=\"accordion-header\"><button class=\"accordion-button collapsed\" type=\"button\" data-bs-toggle=\"collapse\" data-bs-target=\"#flush-collapseSix\" aria-expanded=\"false\" aria-controls=\"flush-collapseSix\"><br \/>\nCosto<br \/>\n<\/button><\/h2>\n<div id=\"flush-collapseSix\" class=\"accordion-collapse collapse\" aria-labelledby=\"flush-headingSix\" data-bs-parent=\"#accordionFlushExample\">\n<div>\n<p>Il rilascio ha un costo di \u20ac21,95. In caso di furto e smarrimento della CIE, il costo del duplicato \u00e8 di \u20ac27,11.<\/p>\n<p>Il pagamento pu\u00f2 essere effettuato <span style=\"text-decoration: underline;\"><strong>SOLO IN CONTANTI<\/strong><\/span> il giorno dell\u2019appuntamento.<\/p>\n<\/div>\n<\/div>\n<\/div>\n<div class=\"accordion-item\">\n<h2 id=\"flush-headingSeven\" class=\"accordion-header\"><button class=\"accordion-button collapsed\" type=\"button\" data-bs-toggle=\"collapse\" data-bs-target=\"#flush-collapseSeven\" aria-expanded=\"false\" aria-controls=\"flush-collapseSeven\"><br \/>\nConsegna CIE<br \/>\n<\/button><\/h2>\n<div id=\"flush-collapseSeven\" class=\"accordion-collapse collapse\" aria-labelledby=\"flush-headingSeven\" data-bs-parent=\"#accordionFlushExample\">\n<div>\n<p style=\"text-align: justify;\">Entro 15 giorni dalla data dell\u2019appuntamento, l\u2019Istituto Poligrafico e Zecca dello Stato provveder\u00e0 a stampare e ad inviare per posta raccomandata la CIE all\u2019indirizzo di residenza.<\/p>\n<p style=\"text-align: justify;\">In caso di mancata consegna per indirizzo errato \u00e8 prevista la giacenza della CIE per 30 giorni presso il locale ufficio postale, al termine della quale il plico verr\u00e0 restituito all\u2019Ufficio consolare di riferimento per un ulteriore tentativo di consegna.<\/p>\n<\/div>\n<\/div>\n<\/div>\n<div class=\"accordion-item\">\n<h2 id=\"flush-headingEight\" class=\"accordion-header\"><button class=\"accordion-button collapsed\" type=\"button\" data-bs-toggle=\"collapse\" data-bs-target=\"#flush-collapseEight\" aria-expanded=\"false\" aria-controls=\"flush-collapseEight\"><br \/>\nValidit\u00e0 temporale<br \/>\n<\/button><\/h2>\n<div id=\"flush-collapseEight\" class=\"accordion-collapse collapse\" aria-labelledby=\"flush-headingEight\" data-bs-parent=\"#accordionFlushExample\">\n<div>\n<p>La Carta d\u2019identit\u00e0 elettronica ha una validit\u00e0 di:<\/p>\n<ul>\n<li>3 anni per minori di tre anni;<\/li>\n<li>5 anni per minori tra tre e diciotto anni;<\/li>\n<li>10 anni per maggiorenni.<\/li>\n<\/ul>\n<\/div>\n<\/div>\n<\/div>\n<\/div>\n","protected":false},"excerpt":{"rendered":"Cos&#8217;\u00e8 la Carta d&#8217;Identit\u00e0 Elettronica e a cosa serve? La Carta d\u2019Identit\u00e0 Elettronica (CIE) \u00e8 rilasciata dal Ministero dell\u2019Interno e prodotta centralmente presso l&#8217;Istituto Poligrafico e Zecca dello Stato. La CIE \u00e8 un documento multifunzionale: attesta l\u2019identit\u00e0 del cittadino; \u00e8 un documento di viaggio (per i Paesi che lo riconoscono); riporta il codice fiscale; pu\u00f2 [&hellip;]","protected":false},"author":4,"featured_media":0,"parent":106,"menu_order":4,"comment_status":"closed","ping_status":"closed","template":"","meta":{"footnotes":""},"class_list":["post-374","page","type-page","status-publish","hentry"],"_links":{"self":[{"href":"https:\/\/ambsanmarino.esteri.it\/it\/wp-json\/wp\/v2\/pages\/374","targetHints":{"allow":["GET"]}}],"collection":[{"href":"https:\/\/ambsanmarino.esteri.it\/it\/wp-json\/wp\/v2\/pages"}],"about":[{"href":"https:\/\/ambsanmarino.esteri.it\/it\/wp-json\/wp\/v2\/types\/page"}],"author":[{"embeddable":true,"href":"https:\/\/ambsanmarino.esteri.it\/it\/wp-json\/wp\/v2\/users\/4"}],"replies":[{"embeddable":true,"href":"https:\/\/ambsanmarino.esteri.it\/it\/wp-json\/wp\/v2\/comments?post=374"}],"version-history":[{"count":7,"href":"https:\/\/ambsanmarino.esteri.it\/it\/wp-json\/wp\/v2\/pages\/374\/revisions"}],"predecessor-version":[{"id":2733,"href":"https:\/\/ambsanmarino.esteri.it\/it\/wp-json\/wp\/v2\/pages\/374\/revisions\/2733"}],"up":[{"embeddable":true,"href":"https:\/\/ambsanmarino.esteri.it\/it\/wp-json\/wp\/v2\/pages\/106"}],"wp:attachment":[{"href":"https:\/\/ambsanmarino.esteri.it\/it\/wp-json\/wp\/v2\/media?parent=374"}],"curies":[{"name":"wp","href":"https:\/\/api.w.org\/{rel}","templated":true}]}}