{"id":98,"date":"2023-03-07T20:20:44","date_gmt":"2023-03-07T19:20:44","guid":{"rendered":"https:\/\/ambsanmarino.esteri.it\/?page_id=98"},"modified":"2026-02-17T12:35:48","modified_gmt":"2026-02-17T11:35:48","slug":"gli-uffici","status":"publish","type":"page","link":"https:\/\/ambsanmarino.esteri.it\/it\/chi-siamo\/gli-uffici\/","title":{"rendered":"Gli Uffici"},"content":{"rendered":"<p style=\"text-align: justify;\">Gli uffici dell&#8217;Ambasciata, accessibili al pubblico <span style=\"text-decoration: underline;\">solo dall&#8217;ingresso laterale di P.tta Bramante Lazzari<\/span>, sono raggiungibili telefonicamente ai seguenti recapiti:<\/p>\n<p><strong>Segreteria<\/strong>:\u00a0 tel. \u00a0+39 (da estero)\/0549 (dall&#8217;Italia) 991146-991271<\/p>\n<p><strong>Uffici:<\/strong> \u00a0\u00a0\u00a0\u00a0\u00a0\u00a0\u00a0\u00a0\u00a0 tel. +39 (da estero)\/0549 (dall&#8217;Italia) 991146-991271<\/p>\n<p>email: <a href=\"mailto:ambasciata.sanmarino@esteri.it\">ambasciata.sanmarino@esteri.it<\/a><\/p>\n<p style=\"text-align: justify;\">pec: <a href=\"mailto:amb.sanmarino@cert.esteri.it\">amb.sanmarino@cert.esteri.it<\/a>\u00a0(abilitato esclusivamente alla ricezione di PEC)<\/p>\n<p>&nbsp;<\/p>\n<p><b><strong>In caso di assoluta emergenza contattare il seguente numero: +39 (da estero) 335-8161017<\/strong><\/b><\/p>\n<p>&nbsp;<\/p>\n<p><span style=\"text-decoration: underline;\"><b><strong>RICEZIONE\u00a0AL PUBBLICO DELL&#8217;UFFICIO CONSOLARE<\/strong><\/b><\/span><\/p>\n<p style=\"text-align: justify;\">La ricezione del pubblico presso l&#8217;Ufficio consolare avviene <b><strong>esclusivamente previo appuntamento<\/strong><\/b>.<br \/>\nVi potranno accedere esclusivamente gli utenti interessati al servizio consolare; non sono ammessi accompagnatori, fatto salvo il caso in cui l\u2019utente sia minorenne o persona che necessiti di particolare assistenza.<\/p>\n<p style=\"text-align: justify;\">Al fine di ridurre il rischio da contagio si ricorda che \u00e8 obbligatorio per tutti gli utenti, adottare tutte le precauzioni igieniche.<\/p>\n<p style=\"text-align: justify;\">L\u2019Ufficio consolare \u00e8 contattabile dal <strong>luned\u00ec al venerd\u00ec dalle 9.30 alle 12.30<\/strong> ai seguenti recapiti:<\/p>\n<p>tel. +39 (da estero)\/0549 (dall&#8217;Italia) 991146-991271<\/p>\n<p>email: <a href=\"mailto:consolare.sanmarino@esteri.it\">consolare.sanmarino@esteri.it<\/a><\/p>\n<p>&nbsp;<\/p>\n<p style=\"text-align: justify;\">La sede \u00e8 sottoposta a videosorveglianza (D. Lgs. 196\/2003).<\/p>\n<p>&nbsp;<\/p>\n<p><b><strong><span style=\"text-decoration: underline;\">CALENDARIO DELLE FESTIVITA<\/span>&#8216;<\/strong><\/b><\/p>\n<p style=\"text-align: justify;\">L\u2019Ambasciata osserva un certo numero di festivit\u00e0 italiane e sammarinesi, in base al seguente calendario:<\/p>\n<ul>\n<li>Capodanno &#8211; 1\u00b0 Gennaio<\/li>\n<li>Epifania &#8211; 6 Gennaio<\/li>\n<li>Luned\u00ec dell\u2019Angelo<\/li>\n<li>Anniversario della Liberazione &#8211; 25 Aprile<\/li>\n<li>Festa del Lavoro &#8211; 1\u00b0 Maggio<\/li>\n<li>Festa nazionale italiana (Festa della Repubblica) &#8211; 2 Giugno<\/li>\n<li>Festa dell&#8217;Assunzione &#8211; 15 Agosto<\/li>\n<li>Festa del Santo Marino (Patrono della Repubblica San Marino) &#8211; 3 Settembre<\/li>\n<li>Festa di Ognissanti &#8211; 1\u00b0 Novembre<\/li>\n<li>Natale &#8211; 25 Dicembre<\/li>\n<li>Santo Stefano &#8211; 26 Dicembre<\/li>\n<\/ul>\n","protected":false},"excerpt":{"rendered":"Gli uffici dell&#8217;Ambasciata, accessibili al pubblico solo dall&#8217;ingresso laterale di P.tta Bramante Lazzari, sono raggiungibili telefonicamente ai seguenti recapiti: Segreteria:\u00a0 tel. \u00a0+39 (da estero)\/0549 (dall&#8217;Italia) 991146-991271 Uffici: \u00a0\u00a0\u00a0\u00a0\u00a0\u00a0\u00a0\u00a0\u00a0 tel. +39 (da estero)\/0549 (dall&#8217;Italia) 991146-991271 email: ambasciata.sanmarino@esteri.it pec: amb.sanmarino@cert.esteri.it\u00a0(abilitato esclusivamente alla ricezione di PEC) &nbsp; In caso di assoluta emergenza contattare il seguente numero: +39 (da [&hellip;]","protected":false},"author":2,"featured_media":0,"parent":9,"menu_order":4,"comment_status":"closed","ping_status":"closed","template":"","meta":{"footnotes":""},"class_list":["post-98","page","type-page","status-publish","hentry"],"_links":{"self":[{"href":"https:\/\/ambsanmarino.esteri.it\/it\/wp-json\/wp\/v2\/pages\/98","targetHints":{"allow":["GET"]}}],"collection":[{"href":"https:\/\/ambsanmarino.esteri.it\/it\/wp-json\/wp\/v2\/pages"}],"about":[{"href":"https:\/\/ambsanmarino.esteri.it\/it\/wp-json\/wp\/v2\/types\/page"}],"author":[{"embeddable":true,"href":"https:\/\/ambsanmarino.esteri.it\/it\/wp-json\/wp\/v2\/users\/2"}],"replies":[{"embeddable":true,"href":"https:\/\/ambsanmarino.esteri.it\/it\/wp-json\/wp\/v2\/comments?post=98"}],"version-history":[{"count":3,"href":"https:\/\/ambsanmarino.esteri.it\/it\/wp-json\/wp\/v2\/pages\/98\/revisions"}],"predecessor-version":[{"id":2820,"href":"https:\/\/ambsanmarino.esteri.it\/it\/wp-json\/wp\/v2\/pages\/98\/revisions\/2820"}],"up":[{"embeddable":true,"href":"https:\/\/ambsanmarino.esteri.it\/it\/wp-json\/wp\/v2\/pages\/9"}],"wp:attachment":[{"href":"https:\/\/ambsanmarino.esteri.it\/it\/wp-json\/wp\/v2\/media?parent=98"}],"curies":[{"name":"wp","href":"https:\/\/api.w.org\/{rel}","templated":true}]}}